{"id":84,"date":"2024-03-12T18:08:11","date_gmt":"2024-03-12T17:08:11","guid":{"rendered":"https:\/\/8.formation-wp.doublegcoaching.be\/?page_id=84"},"modified":"2026-05-07T15:37:31","modified_gmt":"2026-05-07T13:37:31","slug":"milonga-cours-de-tango-bruxelles-2-2-2-2","status":"publish","type":"page","link":"https:\/\/tangobar.be\/index.php\/milonga-cours-de-tango-bruxelles-2-2-2-2\/","title":{"rendered":"Milonga"},"content":{"rendered":"\t\t<div data-elementor-type=\"wp-page\" data-elementor-id=\"84\" class=\"elementor elementor-84\" data-elementor-post-type=\"page\">\n\t\t\t\t<div class=\"elementor-element elementor-element-eb76f57 e-con-full e-flex e-con e-parent\" data-id=\"eb76f57\" data-element_type=\"container\" data-settings=\"{&quot;background_background&quot;:&quot;classic&quot;}\">\n\t\t<div class=\"elementor-element elementor-element-d68117e e-con-full e-flex e-con e-child\" data-id=\"d68117e\" data-element_type=\"container\" data-settings=\"{&quot;background_background&quot;:&quot;classic&quot;}\">\n\t\t\t\t<div class=\"elementor-element elementor-element-a894c5d elementor-hidden-tablet elementor-hidden-mobile elementor-widget elementor-widget-text-editor\" data-id=\"a894c5d\" data-element_type=\"widget\" data-widget_type=\"text-editor.default\">\n\t\t\t\t<div class=\"elementor-widget-container\">\n\t\t\t\t\t\t\t\t\t<h1><span style=\"text-decoration: underline;\"><em><strong>\u00a0Milonga Bal de Tango argentin<\/strong><\/em><\/span><\/h1><h1>est le lieu o\u00f9 prendre des cours\u00a0 et danser le tango \u00e0 Bruxelles tous les mercredis<\/h1><h2>de 19h45 \u00e0 21h00 pour les cours<\/h2><h2>de 21h00 \u00e0 01h00 pour danser<\/h2>\t\t\t\t\t\t\t\t<\/div>\n\t\t\t\t<\/div>\n\t\t\t\t<\/div>\n\t\t<div class=\"elementor-element elementor-element-879d8b7 e-con-full e-flex e-con e-child\" data-id=\"879d8b7\" data-element_type=\"container\">\n\t\t\t\t<div class=\"elementor-element elementor-element-a160324 elementor-absolute elementor-invisible elementor-widget elementor-widget-heading\" data-id=\"a160324\" data-element_type=\"widget\" data-settings=\"{&quot;_position&quot;:&quot;absolute&quot;,&quot;motion_fx_motion_fx_scrolling&quot;:&quot;yes&quot;,&quot;motion_fx_translateY_effect&quot;:&quot;yes&quot;,&quot;motion_fx_translateY_speed&quot;:{&quot;unit&quot;:&quot;px&quot;,&quot;size&quot;:&quot;0.2&quot;,&quot;sizes&quot;:[]},&quot;motion_fx_translateY_affectedRange&quot;:{&quot;unit&quot;:&quot;%&quot;,&quot;size&quot;:&quot;&quot;,&quot;sizes&quot;:{&quot;start&quot;:&quot;0&quot;,&quot;end&quot;:&quot;25&quot;}},&quot;_animation&quot;:&quot;fadeIn&quot;,&quot;motion_fx_devices&quot;:[&quot;desktop&quot;,&quot;tablet&quot;,&quot;mobile&quot;]}\" data-widget_type=\"heading.default\">\n\t\t\t\t<div class=\"elementor-widget-container\">\n\t\t\t\t\t<h2 class=\"elementor-heading-title elementor-size-default\"><a href=\"https:\/\/centrecommunautairemaritime.be\/contact\" target=\"_blank\" rel=\"noopener\">Dj du 13 mai<\/a><\/h2>\t\t\t\t<\/div>\n\t\t\t\t<\/div>\n\t\t\t\t<div class=\"elementor-element elementor-element-46495da elementor-widget elementor-widget-text-editor\" data-id=\"46495da\" data-element_type=\"widget\" data-widget_type=\"text-editor.default\">\n\t\t\t\t<div class=\"elementor-widget-container\">\n\t\t\t\t\t\t\t\t\t<h1><span style=\"color: #ff0000;\">Dj Georgia Rapti<\/span><span style=\"color: #ff0000;\">\u00a0<br \/><\/span><\/h1><h2 class=\"zfr3Q CDt4Ke \" dir=\"ltr\"><span class=\"C9DxTc \">I\u00a0<\/span><span class=\"C9DxTc \">have been<\/span><span class=\"C9DxTc \">\u00a0<\/span><span class=\"C9DxTc \">DJing Argentine Tango\u00a0<\/span><span class=\"C9DxTc \">around Europe and USA, for over\u00a0<\/span><span class=\"C9DxTc \">7 years<\/span><span class=\"C9DxTc \">.<\/span><\/h2><h2 class=\"zfr3Q CDt4Ke \" dir=\"ltr\"><span class=\"C9DxTc \">I love expressing myself through music, while inspired by the tango couples on the dance floor!<\/span><span class=\"C9DxTc \">\u00a0<\/span><span class=\"C9DxTc \">Growing up listening to Piazzolla, among other contemporary music, I\u00a0<\/span><span class=\"C9DxTc \">have been<\/span><span class=\"C9DxTc \">\u00a0dancing tango for over 1<\/span><span class=\"C9DxTc \">2<\/span><span class=\"C9DxTc \">\u00a0years and DJing throughout the EU &amp; USA for over 7 years. I see dance as a hidden language of the soul, with the power to stimulate awareness, expression, and connection. My music choices craft a narrative, unfolding the history and qualities of tango throughout orchestras and energies.\u00a0<\/span><span class=\"C9DxTc \">I work to create emotionally coherent evenings, building lyrical golden-age journeys with sustained floor flow.\u00a0<\/span><span class=\"C9DxTc \">Inspired by the dancers, my music selections balance the playful, elegant, romantic, and dramatic expressions of the dance.<\/span><\/h2><h2>\u00a0<\/h2><h2>\u00a0<\/h2><p><span style=\"font-size: 16px;\"> apr\u00e8s les cours de tango nous accueillons un nouveau dj au Tangobar. Ce mercredi 13 mai <\/span><span style=\"font-size: 16px;\">nous aurons le plaisir d&rsquo;\u00e9couter la s\u00e9lection musicale de Dj Georgia Rapti<\/span><\/p><p><span style=\"font-size: 16px;\">Le mercredi 15 Avril 2026 c&rsquo;est la reprise au TangoBar avec Tina Ricardi et Andres Surra !!! Venez <\/span><a style=\"font-size: 16px;\" href=\"https:\/\/tangobar.be\/index.php\/contacte\/\">vous joindre \u00e0 l&rsquo;aventure !!!<\/a><\/p>\t\t\t\t\t\t\t\t<\/div>\n\t\t\t\t<\/div>\n\t\t\t\t<div class=\"elementor-element elementor-element-ecbcdb0 elementor-hidden-desktop elementor-widget elementor-widget-text-editor\" data-id=\"ecbcdb0\" data-element_type=\"widget\" data-widget_type=\"text-editor.default\">\n\t\t\t\t<div class=\"elementor-widget-container\">\n\t\t\t\t\t\t\t\t\t<h1><span style=\"text-decoration: underline;\"><em><strong>Bal Tango argentin<\/strong><\/em><\/span><\/h1><h1>TangoBar c&rsquo;est le lieu o\u00f9 prendre des cours de tango Bruxelles et danser le tango \u00e0 Bruxelles les mercredis<\/h1><h2>de 21h00 \u00e0 00h30<\/h2>\t\t\t\t\t\t\t\t<\/div>\n\t\t\t\t<\/div>\n\t\t\t\t<div class=\"elementor-element elementor-element-12cdc31 elementor-widget elementor-widget-image\" data-id=\"12cdc31\" data-element_type=\"widget\" data-settings=\"{&quot;motion_fx_motion_fx_scrolling&quot;:&quot;yes&quot;,&quot;motion_fx_rotateZ_effect&quot;:&quot;yes&quot;,&quot;motion_fx_rotateZ_direction&quot;:&quot;negative&quot;,&quot;motion_fx_rotateZ_speed&quot;:{&quot;unit&quot;:&quot;px&quot;,&quot;size&quot;:&quot;0.6&quot;,&quot;sizes&quot;:[]},&quot;motion_fx_rotateZ_affectedRange&quot;:{&quot;unit&quot;:&quot;%&quot;,&quot;size&quot;:&quot;&quot;,&quot;sizes&quot;:{&quot;start&quot;:0,&quot;end&quot;:100}},&quot;motion_fx_devices&quot;:[&quot;desktop&quot;,&quot;tablet&quot;,&quot;mobile&quot;]}\" data-widget_type=\"image.default\">\n\t\t\t\t<div class=\"elementor-widget-container\">\n\t\t\t\t\t\t\t\t\t\t\t\t<figure class=\"wp-caption\">\n\t\t\t\t\t\t\t\t\t\t\t<a href=\"https:\/\/marianogaleano.com\/fr\/presentation\/\" target=\"_blank\" rel=\"noopener\">\n\t\t\t\t\t\t\t<img fetchpriority=\"high\" decoding=\"async\" width=\"600\" height=\"429\" src=\"https:\/\/tangobar.be\/wp-content\/uploads\/2026\/05\/milonga-tango-vals-cours-de-tango-bruxelles.jpeg\" class=\"attachment-large size-large wp-image-2627\" alt=\"\" srcset=\"https:\/\/tangobar.be\/wp-content\/uploads\/2026\/05\/milonga-tango-vals-cours-de-tango-bruxelles.jpeg 600w, https:\/\/tangobar.be\/wp-content\/uploads\/2026\/05\/milonga-tango-vals-cours-de-tango-bruxelles-300x215.jpeg 300w\" sizes=\"(max-width: 600px) 100vw, 600px\" \/>\t\t\t\t\t\t\t\t<\/a>\n\t\t\t\t\t\t\t\t\t\t\t<figcaption class=\"widget-image-caption wp-caption-text\">milonga<\/figcaption>\n\t\t\t\t\t\t\t\t\t\t<\/figure>\n\t\t\t\t\t\t\t\t\t<\/div>\n\t\t\t\t<\/div>\n\t\t\t\t<\/div>\n\t\t\t\t<\/div>\n\t\t<div class=\"elementor-element elementor-element-5b84c46 e-flex e-con-boxed e-con e-parent\" data-id=\"5b84c46\" data-element_type=\"container\">\n\t\t\t\t\t<div class=\"e-con-inner\">\n\t\t\t\t\t<\/div>\n\t\t\t\t<\/div>\n\t\t\t\t<\/div>\n\t\t","protected":false},"excerpt":{"rendered":"<p>\u00a0Milonga Bal de Tango argentin est le lieu o\u00f9 prendre des cours\u00a0 et danser le tango \u00e0 Bruxelles tous les mercredis de 19h45 \u00e0 21h00 pour les cours de 21h00 \u00e0 01h00 pour danser Dj du 13 mai Dj Georgia Rapti\u00a0 I\u00a0have been\u00a0DJing Argentine Tango\u00a0around Europe and USA, for over\u00a07 years. I love expressing myself [&hellip;]<\/p>\n","protected":false},"author":2,"featured_media":0,"parent":0,"menu_order":0,"comment_status":"closed","ping_status":"closed","template":"","meta":{"footnotes":""},"class_list":["post-84","page","type-page","status-publish","hentry"],"_links":{"self":[{"href":"https:\/\/tangobar.be\/index.php\/wp-json\/wp\/v2\/pages\/84","targetHints":{"allow":["GET"]}}],"collection":[{"href":"https:\/\/tangobar.be\/index.php\/wp-json\/wp\/v2\/pages"}],"about":[{"href":"https:\/\/tangobar.be\/index.php\/wp-json\/wp\/v2\/types\/page"}],"author":[{"embeddable":true,"href":"https:\/\/tangobar.be\/index.php\/wp-json\/wp\/v2\/users\/2"}],"replies":[{"embeddable":true,"href":"https:\/\/tangobar.be\/index.php\/wp-json\/wp\/v2\/comments?post=84"}],"version-history":[{"count":800,"href":"https:\/\/tangobar.be\/index.php\/wp-json\/wp\/v2\/pages\/84\/revisions"}],"predecessor-version":[{"id":2630,"href":"https:\/\/tangobar.be\/index.php\/wp-json\/wp\/v2\/pages\/84\/revisions\/2630"}],"wp:attachment":[{"href":"https:\/\/tangobar.be\/index.php\/wp-json\/wp\/v2\/media?parent=84"}],"curies":[{"name":"wp","href":"https:\/\/api.w.org\/{rel}","templated":true}]}}