{"id":82,"date":"2024-03-12T18:07:40","date_gmt":"2024-03-12T17:07:40","guid":{"rendered":"https:\/\/8.formation-wp.doublegcoaching.be\/?page_id=82"},"modified":"2026-01-09T14:23:23","modified_gmt":"2026-01-09T13:23:23","slug":"milonga-cours-de-tango-bruxelles-2-3-2-2","status":"publish","type":"page","link":"https:\/\/tangobar.be\/index.php\/milonga-cours-de-tango-bruxelles-2-3-2-2\/","title":{"rendered":"\u00e0 propos"},"content":{"rendered":"\t\t<div data-elementor-type=\"wp-page\" data-elementor-id=\"82\" class=\"elementor elementor-82\" data-elementor-post-type=\"page\">\n\t\t\t\t<div class=\"elementor-element elementor-element-b74150a e-flex e-con-boxed e-con e-parent\" data-id=\"b74150a\" data-element_type=\"container\">\n\t\t\t\t\t<div class=\"e-con-inner\">\n\t\t\t\t<div class=\"elementor-element elementor-element-ee71922 elementor-widget elementor-widget-heading\" data-id=\"ee71922\" data-element_type=\"widget\" data-widget_type=\"heading.default\">\n\t\t\t\t<div class=\"elementor-widget-container\">\n\t\t\t\t\t<h1 class=\"elementor-heading-title elementor-size-default\">Tango Bar tango Bruxelles<\/h1>\t\t\t\t<\/div>\n\t\t\t\t<\/div>\n\t\t\t\t<div class=\"elementor-element elementor-element-e10340a elementor-widget elementor-widget-text-editor\" data-id=\"e10340a\" data-element_type=\"widget\" data-widget_type=\"text-editor.default\">\n\t\t\t\t<div class=\"elementor-widget-container\">\n\t\t\t\t\t\t\t\t\t<p><span style=\"color: #000000;\">Tango Bar c&rsquo;est le lieu o\u00f9 danser le tango \u00e0 Bruxelles tous les mercredis<\/span><\/p><h2><span style=\"color: #000000;\">tango bruxelles<\/span><\/h2><h2><strong>Tous les mercredis<\/strong><\/h2><div class=\"Preview_row__3Fkye row\"><div class=\"Preview_componentWrapper__2i4QI\" data-id=\"67BC0689-ABD0-469E-A8A3-D10A4168B305\" data-kind=\"TEXT\"><div class=\"Preview_component__SbiKo text-align-null\" data-in-template=\"false\" data-id=\"67BC0689-ABD0-469E-A8A3-D10A4168B305\" data-kind=\"Component\" data-specific-kind=\"TEXT\"><div class=\"styles_contentContainer__lrPIa textnormal styles_text__3jGMu styles_invalidateHighlightAndShadows__2W3IH White themeTextClass\" data-mve-font-change=\"0\"><h3 class=\"textheading3 mobile-oversized\"><a href=\"https:\/\/tangoquerido.be\/\" target=\"_blank\" rel=\"noopener\"><em><span class=\"textheading3 mobile-oversized\" style=\"color: #000000;\">Tina Riccardi<\/span><\/em><\/a><\/h3><h3 class=\"textheading3 mobile-oversized\"><em><span style=\"color: #000000;\"><span class=\"textheading3 mobile-oversized\">&amp;<\/span>\u00a0Andres Surra<\/span><\/em><\/h3><h2 class=\"mobile-undersized-upper\"><span style=\"color: #000000;\"><a class=\"textnormal\" href=\"https:\/\/www.google.com\/maps\/search\/?api=1&amp;query=%22Centre%20Communautaire%20Maritime%2C%20Rue%20Vandenboogaerde%2093%2C%201080%20Molenbeek-Saint-Jean%2C%20Belgium%22\" target=\"_blank\" rel=\"noopener\" data-preserve-whitespace=\"true\">Centre Communautaire Maritime<\/a><\/span><\/h2><h2 class=\"mobile-undersized-upper\"><a class=\"textnormal\" href=\"https:\/\/www.google.com\/maps\/search\/?api=1&amp;query=%22Centre%20Communautaire%20Maritime%2C%20Rue%20Vandenboogaerde%2093%2C%201080%20Molenbeek-Saint-Jean%2C%20Belgium%22\" target=\"_blank\" rel=\"noopener\" data-preserve-whitespace=\"true\">Rue Vandenboogaerde 93 1080 Molenbeek-Saint-Jean<\/a><\/h2><h2 class=\"mobile-undersized-upper\"><span style=\"color: #000000;\"><strong><span class=\"mobile-undersized-upper\">En pratique:<\/span><\/strong><\/span><br \/><span style=\"color: #000000;\"><strong><span class=\"mobile-undersized-upper\">MERCREDIS, du 10\/09 au 10\/12 \u00e0 l&rsquo;exception du 5\/11<\/span><\/strong><\/span><\/h2><h2 class=\"mobile-undersized-upper\"><span style=\"color: #000000;\"><strong><span class=\"mobile-undersized-upper\">19h00-20h00 Interm\u00e9diaire<\/span><\/strong><\/span><\/h2><h2 class=\"mobile-undersized-upper\"><span style=\"color: #000000;\"><strong><span class=\"mobile-undersized-upper\">20h00-21h00 Avanc\u00e9<\/span><\/strong><\/span><\/h2><h2 class=\"mobile-undersized-upper\"><span style=\"color: #000000;\"><strong><span class=\"mobile-undersized-upper\">Infos et inscriptions:<\/span><\/strong><\/span><\/h2><h2 class=\"mobile-undersized-upper\"><span style=\"color: #000000;\"><strong><span class=\"mobile-undersized-upper\">Tina +32(0)477610302<\/span><\/strong><\/span><br \/><span style=\"color: #000000;\"><strong><span class=\"mobile-undersized-upper\">tangoquerido.tina@gmail.com<\/span><\/strong><\/span><br \/><span style=\"color: #000000;\"><strong><span class=\"mobile-undersized-upper\"><a class=\"link1\" style=\"color: #000000;\" href=\"http:\/\/www.tangoquerido.be\/?fbclid=IwZXh0bgNhZW0CMTAAAR5qCzDxSaPK3TqVn6YnToapFSqK_OhBojed8T40KdYssHMl0ndPmNf-JO7UVQ_aem_40uvu59paDZogNEm_3Q5cw\" target=\"_blank\" rel=\"noopener\">www.tangoquerido.be<\/a><\/span><\/strong><\/span><\/h2><h2 class=\"mobile-undersized-upper\"><span style=\"color: #000000;\"><strong><span class=\"mobile-undersized-upper\">Andr\u00e8s +32(0)497028543<\/span><\/strong><\/span><br \/><span style=\"color: #000000;\"><strong><span class=\"mobile-undersized-upper\">silverrivertango@gmail.com<\/span><\/strong><\/span><br \/><span style=\"color: #000000;\"><strong><a class=\"link1\" style=\"color: #000000;\" href=\"https:\/\/tangobar.be\/?fbclid=IwZXh0bgNhZW0CMTAAAR5qCzDxSaPK3TqVn6YnToapFSqK_OhBojed8T40KdYssHMl0ndPmNf-JO7UVQ_aem_40uvu59paDZogNEm_3Q5cw\" target=\"_blank\" rel=\"noopener\"><span class=\"mobile-undersized-upper\">https:\/\/tangobar.be\/<\/span><\/a><\/strong><\/span><\/h2><\/div><\/div><\/div><\/div><p><span style=\"color: #000000;\"><strong><span style=\"text-decoration: underline;\"><em>\u00ab\u00a0TangoBar un farol en la noche\u00a0\u00bb<\/em><\/span><\/strong><\/span><\/p>\t\t\t\t\t\t\t\t<\/div>\n\t\t\t\t<\/div>\n\t\t\t\t\t<\/div>\n\t\t\t\t<\/div>\n\t\t<div class=\"elementor-element elementor-element-d6add6b e-flex e-con-boxed e-con e-parent\" data-id=\"d6add6b\" data-element_type=\"container\">\n\t\t\t\t\t<div class=\"e-con-inner\">\n\t\t\t\t<div class=\"elementor-element elementor-element-c5f0b86 elementor-widget elementor-widget-image\" data-id=\"c5f0b86\" data-element_type=\"widget\" data-widget_type=\"image.default\">\n\t\t\t\t<div class=\"elementor-widget-container\">\n\t\t\t\t\t\t\t\t\t\t\t\t\t\t\t\t<a href=\"https:\/\/www.tangobar.be\/\">\n\t\t\t\t\t\t\t<img fetchpriority=\"high\" decoding=\"async\" width=\"800\" height=\"566\" src=\"https:\/\/tangobar.be\/wp-content\/uploads\/2024\/03\/LOGO-TANGOBAR-1024x724.jpg\" class=\"attachment-large size-large wp-image-125\" alt=\"tango bruxelles\" srcset=\"https:\/\/tangobar.be\/wp-content\/uploads\/2024\/03\/LOGO-TANGOBAR-1024x724.jpg 1024w, https:\/\/tangobar.be\/wp-content\/uploads\/2024\/03\/LOGO-TANGOBAR-300x212.jpg 300w, https:\/\/tangobar.be\/wp-content\/uploads\/2024\/03\/LOGO-TANGOBAR-768x543.jpg 768w, https:\/\/tangobar.be\/wp-content\/uploads\/2024\/03\/LOGO-TANGOBAR.jpg 1054w\" sizes=\"(max-width: 800px) 100vw, 800px\" \/>\t\t\t\t\t\t\t\t<\/a>\n\t\t\t\t\t\t\t\t\t\t\t\t\t\t\t<\/div>\n\t\t\t\t<\/div>\n\t\t\t\t\t<\/div>\n\t\t\t\t<\/div>\n\t\t\t\t<\/div>\n\t\t","protected":false},"excerpt":{"rendered":"<p>Tango Bar tango Bruxelles Tango Bar c&rsquo;est le lieu o\u00f9 danser le tango \u00e0 Bruxelles tous les mercredis tango bruxelles Tous les mercredis Tina Riccardi &amp;\u00a0Andres Surra Centre Communautaire Maritime Rue Vandenboogaerde 93 1080 Molenbeek-Saint-Jean En pratique:MERCREDIS, du 10\/09 au 10\/12 \u00e0 l&rsquo;exception du 5\/11 19h00-20h00 Interm\u00e9diaire 20h00-21h00 Avanc\u00e9 Infos et inscriptions: Tina +32(0)477610302tangoquerido.tina@gmail.comwww.tangoquerido.be Andr\u00e8s [&hellip;]<\/p>\n","protected":false},"author":2,"featured_media":0,"parent":0,"menu_order":0,"comment_status":"closed","ping_status":"closed","template":"","meta":{"footnotes":""},"class_list":["post-82","page","type-page","status-publish","hentry"],"_links":{"self":[{"href":"https:\/\/tangobar.be\/index.php\/wp-json\/wp\/v2\/pages\/82","targetHints":{"allow":["GET"]}}],"collection":[{"href":"https:\/\/tangobar.be\/index.php\/wp-json\/wp\/v2\/pages"}],"about":[{"href":"https:\/\/tangobar.be\/index.php\/wp-json\/wp\/v2\/types\/page"}],"author":[{"embeddable":true,"href":"https:\/\/tangobar.be\/index.php\/wp-json\/wp\/v2\/users\/2"}],"replies":[{"embeddable":true,"href":"https:\/\/tangobar.be\/index.php\/wp-json\/wp\/v2\/comments?post=82"}],"version-history":[{"count":53,"href":"https:\/\/tangobar.be\/index.php\/wp-json\/wp\/v2\/pages\/82\/revisions"}],"predecessor-version":[{"id":2210,"href":"https:\/\/tangobar.be\/index.php\/wp-json\/wp\/v2\/pages\/82\/revisions\/2210"}],"wp:attachment":[{"href":"https:\/\/tangobar.be\/index.php\/wp-json\/wp\/v2\/media?parent=82"}],"curies":[{"name":"wp","href":"https:\/\/api.w.org\/{rel}","templated":true}]}}